{"id":100,"date":"2023-01-12T21:48:32","date_gmt":"2023-01-12T21:48:32","guid":{"rendered":"https:\/\/www.optimates.fi\/?page_id=100"},"modified":"2023-01-30T17:37:23","modified_gmt":"2023-01-30T17:37:23","slug":"member-2","status":"publish","type":"page","link":"https:\/\/www.optimates.fi\/?page_id=100","title":{"rendered":"Partner &#038; Muutosagentti"},"content":{"rendered":"\n<p><\/p>\n\n\n\n<div class=\"wp-block-columns is-layout-flex wp-container-core-columns-is-layout-9d6595d7 wp-block-columns-is-layout-flex\">\n<div class=\"wp-block-column is-layout-flow wp-block-column-is-layout-flow\">\n<figure class=\"wp-block-image size-full\"><img loading=\"lazy\" decoding=\"async\" width=\"480\" height=\"640\" src=\"http:\/\/www.optimates.fi\/wp-content\/uploads\/2023\/01\/HeikkiToivanen.jpeg\" alt=\"\" class=\"wp-image-60\" srcset=\"https:\/\/www.optimates.fi\/wp-content\/uploads\/2023\/01\/HeikkiToivanen.jpeg 480w, https:\/\/www.optimates.fi\/wp-content\/uploads\/2023\/01\/HeikkiToivanen-225x300.jpeg 225w\" sizes=\"auto, (max-width: 480px) 100vw, 480px\" \/><\/figure>\n<\/div>\n\n\n\n<div class=\"wp-block-column is-layout-flow wp-block-column-is-layout-flow\">\n<p>Aloitin ty\u00f6urani S-ryhm\u00e4n kaupallisella kentt\u00e4koulutuksella rautakaupan alalla, joka kesti nelj\u00e4 vuotta. <\/p>\n\n\n\n<blockquote class=\"wp-block-quote is-layout-flow wp-block-quote-is-layout-flow\">\n<p>Kokemusta on erityisesti yritysten rahoituksesta, maksuliikkeest\u00e4 ja erilaisista muutostilanteista.<\/p>\n<\/blockquote>\n\n\n\n<p>Olen tehnyt pankkiuraa yli kolmenvuoden ajan Danske Bankissa ja sen edelt\u00e4jiss\u00e4. <\/p>\n\n\n\n<p><\/p>\n\n\n\n<p><em>&#8211; Heikki Toivanen<\/em><\/p>\n<\/div>\n<\/div>\n","protected":false},"excerpt":{"rendered":"<p>Aloitin ty\u00f6urani S-ryhm\u00e4n kaupallisella kentt\u00e4koulutuksella rautakaupan alalla, joka kesti nelj\u00e4 vuotta. Kokemusta on erityisesti yritysten rahoituksesta, maksuliikkeest\u00e4 ja erilaisista muutostilanteista. Olen tehnyt pankkiuraa yli kolmenvuoden ajan Danske Bankissa ja sen edelt\u00e4jiss\u00e4. &#8211; Heikki Toivanen<\/p>\n","protected":false},"author":2,"featured_media":36,"parent":0,"menu_order":0,"comment_status":"closed","ping_status":"closed","template":"","meta":{"footnotes":""},"class_list":["post-100","page","type-page","status-publish","has-post-thumbnail","hentry"],"yoast_head":"<!-- This site is optimized with the Yoast SEO plugin v20.0 - https:\/\/yoast.com\/wordpress\/plugins\/seo\/ -->\n<title>Partner &amp; Muutosagentti - Optimates oy<\/title>\n<meta name=\"robots\" content=\"index, follow, max-snippet:-1, max-image-preview:large, max-video-preview:-1\" \/>\n<link rel=\"canonical\" href=\"https:\/\/www.optimates.fi\/?page_id=100\" \/>\n<meta property=\"og:locale\" content=\"fi_FI\" \/>\n<meta property=\"og:type\" content=\"article\" \/>\n<meta property=\"og:title\" content=\"Partner &amp; Muutosagentti - Optimates oy\" \/>\n<meta property=\"og:description\" content=\"Aloitin ty\u00f6urani S-ryhm\u00e4n kaupallisella kentt\u00e4koulutuksella rautakaupan alalla, joka kesti nelj\u00e4 vuotta. Kokemusta on erityisesti yritysten rahoituksesta, maksuliikkeest\u00e4 ja erilaisista muutostilanteista. Olen tehnyt pankkiuraa yli kolmenvuoden ajan Danske Bankissa ja sen edelt\u00e4jiss\u00e4. &#8211; Heikki Toivanen\" \/>\n<meta property=\"og:url\" content=\"https:\/\/www.optimates.fi\/?page_id=100\" \/>\n<meta property=\"og:site_name\" content=\"Optimates oy\" \/>\n<meta property=\"article:modified_time\" content=\"2023-01-30T17:37:23+00:00\" \/>\n<meta property=\"og:image\" content=\"https:\/\/www.optimates.fi\/wp-content\/uploads\/2022\/11\/teamwork-g7c905c427_1920.jpg\" \/>\n\t<meta property=\"og:image:width\" content=\"1920\" \/>\n\t<meta property=\"og:image:height\" content=\"1211\" \/>\n\t<meta property=\"og:image:type\" content=\"image\/jpeg\" \/>\n<meta name=\"twitter:card\" content=\"summary_large_image\" \/>\n<meta name=\"twitter:label1\" content=\"Arvioitu lukuaika\" \/>\n\t<meta name=\"twitter:data1\" content=\"1 minuutti\" \/>\n<script type=\"application\/ld+json\" class=\"yoast-schema-graph\">{\"@context\":\"https:\/\/schema.org\",\"@graph\":[{\"@type\":\"WebPage\",\"@id\":\"https:\/\/www.optimates.fi\/?page_id=100\",\"url\":\"https:\/\/www.optimates.fi\/?page_id=100\",\"name\":\"Partner & Muutosagentti - Optimates oy\",\"isPartOf\":{\"@id\":\"https:\/\/www.optimates.fi\/#website\"},\"datePublished\":\"2023-01-12T21:48:32+00:00\",\"dateModified\":\"2023-01-30T17:37:23+00:00\",\"breadcrumb\":{\"@id\":\"https:\/\/www.optimates.fi\/?page_id=100#breadcrumb\"},\"inLanguage\":\"fi\",\"potentialAction\":[{\"@type\":\"ReadAction\",\"target\":[\"https:\/\/www.optimates.fi\/?page_id=100\"]}]},{\"@type\":\"BreadcrumbList\",\"@id\":\"https:\/\/www.optimates.fi\/?page_id=100#breadcrumb\",\"itemListElement\":[{\"@type\":\"ListItem\",\"position\":1,\"name\":\"Home\",\"item\":\"https:\/\/www.optimates.fi\/\"},{\"@type\":\"ListItem\",\"position\":2,\"name\":\"Partner &#038; Muutosagentti\"}]},{\"@type\":\"WebSite\",\"@id\":\"https:\/\/www.optimates.fi\/#website\",\"url\":\"https:\/\/www.optimates.fi\/\",\"name\":\"Optimates oy\",\"description\":\"Kuvaus\",\"potentialAction\":[{\"@type\":\"SearchAction\",\"target\":{\"@type\":\"EntryPoint\",\"urlTemplate\":\"https:\/\/www.optimates.fi\/?s={search_term_string}\"},\"query-input\":\"required name=search_term_string\"}],\"inLanguage\":\"fi\"}]}<\/script>\n<!-- \/ Yoast SEO plugin. -->","yoast_head_json":{"title":"Partner & Muutosagentti - Optimates oy","robots":{"index":"index","follow":"follow","max-snippet":"max-snippet:-1","max-image-preview":"max-image-preview:large","max-video-preview":"max-video-preview:-1"},"canonical":"https:\/\/www.optimates.fi\/?page_id=100","og_locale":"fi_FI","og_type":"article","og_title":"Partner & Muutosagentti - Optimates oy","og_description":"Aloitin ty\u00f6urani S-ryhm\u00e4n kaupallisella kentt\u00e4koulutuksella rautakaupan alalla, joka kesti nelj\u00e4 vuotta. Kokemusta on erityisesti yritysten rahoituksesta, maksuliikkeest\u00e4 ja erilaisista muutostilanteista. Olen tehnyt pankkiuraa yli kolmenvuoden ajan Danske Bankissa ja sen edelt\u00e4jiss\u00e4. &#8211; Heikki Toivanen","og_url":"https:\/\/www.optimates.fi\/?page_id=100","og_site_name":"Optimates oy","article_modified_time":"2023-01-30T17:37:23+00:00","og_image":[{"width":1920,"height":1211,"url":"https:\/\/www.optimates.fi\/wp-content\/uploads\/2022\/11\/teamwork-g7c905c427_1920.jpg","type":"image\/jpeg"}],"twitter_card":"summary_large_image","twitter_misc":{"Arvioitu lukuaika":"1 minuutti"},"schema":{"@context":"https:\/\/schema.org","@graph":[{"@type":"WebPage","@id":"https:\/\/www.optimates.fi\/?page_id=100","url":"https:\/\/www.optimates.fi\/?page_id=100","name":"Partner & Muutosagentti - Optimates oy","isPartOf":{"@id":"https:\/\/www.optimates.fi\/#website"},"datePublished":"2023-01-12T21:48:32+00:00","dateModified":"2023-01-30T17:37:23+00:00","breadcrumb":{"@id":"https:\/\/www.optimates.fi\/?page_id=100#breadcrumb"},"inLanguage":"fi","potentialAction":[{"@type":"ReadAction","target":["https:\/\/www.optimates.fi\/?page_id=100"]}]},{"@type":"BreadcrumbList","@id":"https:\/\/www.optimates.fi\/?page_id=100#breadcrumb","itemListElement":[{"@type":"ListItem","position":1,"name":"Home","item":"https:\/\/www.optimates.fi\/"},{"@type":"ListItem","position":2,"name":"Partner &#038; Muutosagentti"}]},{"@type":"WebSite","@id":"https:\/\/www.optimates.fi\/#website","url":"https:\/\/www.optimates.fi\/","name":"Optimates oy","description":"Kuvaus","potentialAction":[{"@type":"SearchAction","target":{"@type":"EntryPoint","urlTemplate":"https:\/\/www.optimates.fi\/?s={search_term_string}"},"query-input":"required name=search_term_string"}],"inLanguage":"fi"}]}},"_links":{"self":[{"href":"https:\/\/www.optimates.fi\/index.php?rest_route=\/wp\/v2\/pages\/100","targetHints":{"allow":["GET"]}}],"collection":[{"href":"https:\/\/www.optimates.fi\/index.php?rest_route=\/wp\/v2\/pages"}],"about":[{"href":"https:\/\/www.optimates.fi\/index.php?rest_route=\/wp\/v2\/types\/page"}],"author":[{"embeddable":true,"href":"https:\/\/www.optimates.fi\/index.php?rest_route=\/wp\/v2\/users\/2"}],"replies":[{"embeddable":true,"href":"https:\/\/www.optimates.fi\/index.php?rest_route=%2Fwp%2Fv2%2Fcomments&post=100"}],"version-history":[{"count":3,"href":"https:\/\/www.optimates.fi\/index.php?rest_route=\/wp\/v2\/pages\/100\/revisions"}],"predecessor-version":[{"id":144,"href":"https:\/\/www.optimates.fi\/index.php?rest_route=\/wp\/v2\/pages\/100\/revisions\/144"}],"wp:featuredmedia":[{"embeddable":true,"href":"https:\/\/www.optimates.fi\/index.php?rest_route=\/wp\/v2\/media\/36"}],"wp:attachment":[{"href":"https:\/\/www.optimates.fi\/index.php?rest_route=%2Fwp%2Fv2%2Fmedia&parent=100"}],"curies":[{"name":"wp","href":"https:\/\/api.w.org\/{rel}","templated":true}]}}