{"id":104,"date":"2023-01-12T21:50:03","date_gmt":"2023-01-12T21:50:03","guid":{"rendered":"https:\/\/www.optimates.fi\/?page_id=104"},"modified":"2023-01-30T17:36:25","modified_gmt":"2023-01-30T17:36:25","slug":"member-3","status":"publish","type":"page","link":"https:\/\/www.optimates.fi\/?page_id=104","title":{"rendered":"Partneri &#038; muutosagentti"},"content":{"rendered":"\n<div class=\"wp-block-columns is-layout-flex wp-container-core-columns-is-layout-9d6595d7 wp-block-columns-is-layout-flex\">\n<div class=\"wp-block-column is-layout-flow wp-block-column-is-layout-flow\">\n<figure class=\"wp-block-image size-full\"><img loading=\"lazy\" decoding=\"async\" width=\"271\" height=\"308\" src=\"http:\/\/www.optimates.fi\/wp-content\/uploads\/2023\/01\/Martti_Toivanen.png\" alt=\"\" class=\"wp-image-61\" srcset=\"https:\/\/www.optimates.fi\/wp-content\/uploads\/2023\/01\/Martti_Toivanen.png 271w, https:\/\/www.optimates.fi\/wp-content\/uploads\/2023\/01\/Martti_Toivanen-264x300.png 264w\" sizes=\"auto, (max-width: 271px) 100vw, 271px\" \/><\/figure>\n<\/div>\n\n\n\n<div class=\"wp-block-column is-layout-flow wp-block-column-is-layout-flow\">\n<p class=\"has-small-font-size\">Aloitin ty\u00f6urani Kesko-konsernissa vuonna 1987. Ty\u00f6skentelin l\u00e4hemm\u00e4s kolmekymment\u00e4 vuotta Keskon kaikilla toimialoilla, kaiken kaikkiaan kymmeniss\u00e4 eri teht\u00e4viss\u00e4, lukuun ottamatta autokauppaa.&nbsp;<\/p>\n\n\n\n<p class=\"has-small-font-size\">Teht\u00e4vist\u00e4 valtaosa on ollut joko yksik\u00f6n johtajan, ketjujohtajan tai tyt\u00e4ryhti\u00f6n toimitusjohtajan teht\u00e4vi\u00e4.&nbsp;<\/p>\n\n\n\n<p class=\"has-small-font-size\">Ty\u00f6uran alussa olin kaksi vuotta kauppapaikkahankinnan asiantuntijana, mink\u00e4 j\u00e4lkeen myynninjohto- ja yksik\u00f6njohtoteht\u00e4viss\u00e4 p\u00e4ivitt\u00e4istavara-, k\u00e4ytt\u00f6tavara, maatalous- ja rautakaupassa sek\u00e4 erilaisten polttomooottorik\u00e4ytt\u00f6isten pienkoneiden, veneiden, per\u00e4moottoreiden ja puutarhatavaroiden maahantuonnissa ja tukkukaupassa.&nbsp;<\/p>\n\n\n\n<p class=\"has-small-font-size\">2000-luvun alussa aloitin reilut seitsem\u00e4n vuotta jatkuneen ty\u00f6teht\u00e4v\u00e4n Kesko Kodintekniikan johtajana \/ Musta P\u00f6rssi Oy:n toimitusjohtajana.&nbsp;<\/p>\n\n\n\n<p class=\"has-small-font-size\">Sen j\u00e4lkeen toimin l\u00e4hes seitsem\u00e4n vuotta Kenk\u00e4kesko Oy:n toimitusjohtajana. <\/p>\n\n\n\n<p class=\"has-small-font-size\">Vuonna 2013 sain kutsun K-Citymarket k\u00e4ytt\u00f6tavaran ja Anttila Oy:n asiakkuuksista, markkinoinnista ja konsepteista vastaavaksi johtajaksi, mist\u00e4 teht\u00e4v\u00e4st\u00e4 siirryin Anttila ja Kodin1 -tavarataloketjujen ketjujohtajaksi. Anttila Oy:ss\u00e4 osallistuin aktiivisesti yrityskauppavalmisteluihin ja presentaatioihin.<\/p>\n\n\n\n<blockquote class=\"wp-block-quote is-layout-flow wp-block-quote-is-layout-flow\">\n<p>Liiketoimintakonseptit ja niiden kilpailukyvyn kasvattaminen, kilpailuetujen kristallisointi ovat olleet  ty\u00f6urallani vahvuusalueitani. <\/p>\n<\/blockquote>\n\n\n\n<p class=\"has-small-font-size\">Kes\u00e4ll\u00e4 2016 aloitin Sotka-ketjun ketjujohtanana. T\u00e4ss\u00e4 teht\u00e4v\u00e4ss\u00e4 olin aktiivisesti mukana samanaikaisesti aloitetuissa&nbsp; Indoorin yrityskauppavalmisteluissa ja Keskon myyty\u00e4 sen sijoittajille kes\u00e4ll\u00e4 2017 jatkoin Indoor Group Oy:n palveluksessa ja vastasin my\u00f6hemmin myym\u00e4l\u00e4toiminnoista, verkostosta ja asiakasrahoituksesta. Olin johtoryhm\u00e4n j\u00e4senen\u00e4 vuoteen 2023 saakka.&nbsp;<\/p>\n\n\n\n<p class=\"has-small-font-size\">Luottamusteht\u00e4vist\u00e4 merkitt\u00e4vimm\u00e4t ovat Keskon eri tyt\u00e4ryhti\u00f6iden hallitusten j\u00e4senyydet, eri toimialaj\u00e4rjest\u00f6jen kuten Suomen Tukkukauppiaiden Liitto ry:n \/ ETU ry:n, Tekstiili- ja Muotialat ry:n (nyk. Muoti- ja urheilukauppa ry), SER-tuottajayhteis\u00f6 ry:n hallitusten toimintaan osallistuminen puheenjohtajana, varapuheenjohtajana tai j\u00e4senen\u00e4 sek\u00e4 toimiminen osakkaan (Kesko Oyj \/ Musta P\u00f6rssi Oy) virallisena edustajana Electronic Partner GmbH&amp;Co. KG:n vuosikokouksissa.<\/p>\n\n\n\n<p><\/p>\n\n\n\n<p><em>&#8211; Martti Toivanen<\/em><\/p>\n<\/div>\n<\/div>\n","protected":false},"excerpt":{"rendered":"<p>Aloitin ty\u00f6urani Kesko-konsernissa vuonna 1987. Ty\u00f6skentelin l\u00e4hemm\u00e4s kolmekymment\u00e4 vuotta Keskon kaikilla toimialoilla, kaiken kaikkiaan kymmeniss\u00e4 eri teht\u00e4viss\u00e4, lukuun ottamatta autokauppaa.&nbsp; Teht\u00e4vist\u00e4 valtaosa on ollut joko yksik\u00f6n johtajan, ketjujohtajan tai tyt\u00e4ryhti\u00f6n toimitusjohtajan teht\u00e4vi\u00e4.&nbsp; Ty\u00f6uran alussa olin kaksi vuotta kauppapaikkahankinnan asiantuntijana, mink\u00e4 j\u00e4lkeen myynninjohto- ja yksik\u00f6njohtoteht\u00e4viss\u00e4 p\u00e4ivitt\u00e4istavara-, k\u00e4ytt\u00f6tavara, maatalous- ja rautakaupassa sek\u00e4 [&hellip;]<\/p>\n","protected":false},"author":2,"featured_media":36,"parent":0,"menu_order":0,"comment_status":"closed","ping_status":"closed","template":"","meta":{"footnotes":""},"class_list":["post-104","page","type-page","status-publish","has-post-thumbnail","hentry"],"yoast_head":"<!-- This site is optimized with the Yoast SEO plugin v20.0 - https:\/\/yoast.com\/wordpress\/plugins\/seo\/ -->\n<title>Partneri &amp; muutosagentti - Optimates oy<\/title>\n<meta name=\"robots\" content=\"index, follow, max-snippet:-1, max-image-preview:large, max-video-preview:-1\" \/>\n<link rel=\"canonical\" href=\"https:\/\/www.optimates.fi\/?page_id=104\" \/>\n<meta property=\"og:locale\" content=\"fi_FI\" \/>\n<meta property=\"og:type\" content=\"article\" \/>\n<meta property=\"og:title\" content=\"Partneri &amp; muutosagentti - Optimates oy\" \/>\n<meta property=\"og:description\" content=\"Aloitin ty\u00f6urani Kesko-konsernissa vuonna 1987. Ty\u00f6skentelin l\u00e4hemm\u00e4s kolmekymment\u00e4 vuotta Keskon kaikilla toimialoilla, kaiken kaikkiaan kymmeniss\u00e4 eri teht\u00e4viss\u00e4, lukuun ottamatta autokauppaa.&nbsp; Teht\u00e4vist\u00e4 valtaosa on ollut joko yksik\u00f6n johtajan, ketjujohtajan tai tyt\u00e4ryhti\u00f6n toimitusjohtajan teht\u00e4vi\u00e4.&nbsp; Ty\u00f6uran alussa olin kaksi vuotta kauppapaikkahankinnan asiantuntijana, mink\u00e4 j\u00e4lkeen myynninjohto- ja yksik\u00f6njohtoteht\u00e4viss\u00e4 p\u00e4ivitt\u00e4istavara-, k\u00e4ytt\u00f6tavara, maatalous- ja rautakaupassa sek\u00e4 [&hellip;]\" \/>\n<meta property=\"og:url\" content=\"https:\/\/www.optimates.fi\/?page_id=104\" \/>\n<meta property=\"og:site_name\" content=\"Optimates oy\" \/>\n<meta property=\"article:modified_time\" content=\"2023-01-30T17:36:25+00:00\" \/>\n<meta property=\"og:image\" content=\"https:\/\/www.optimates.fi\/wp-content\/uploads\/2022\/11\/teamwork-g7c905c427_1920.jpg\" \/>\n\t<meta property=\"og:image:width\" content=\"1920\" \/>\n\t<meta property=\"og:image:height\" content=\"1211\" \/>\n\t<meta property=\"og:image:type\" content=\"image\/jpeg\" \/>\n<meta name=\"twitter:card\" content=\"summary_large_image\" \/>\n<meta name=\"twitter:label1\" content=\"Arvioitu lukuaika\" \/>\n\t<meta name=\"twitter:data1\" content=\"2 minuuttia\" \/>\n<script type=\"application\/ld+json\" class=\"yoast-schema-graph\">{\"@context\":\"https:\/\/schema.org\",\"@graph\":[{\"@type\":\"WebPage\",\"@id\":\"https:\/\/www.optimates.fi\/?page_id=104\",\"url\":\"https:\/\/www.optimates.fi\/?page_id=104\",\"name\":\"Partneri & muutosagentti - Optimates oy\",\"isPartOf\":{\"@id\":\"https:\/\/www.optimates.fi\/#website\"},\"datePublished\":\"2023-01-12T21:50:03+00:00\",\"dateModified\":\"2023-01-30T17:36:25+00:00\",\"breadcrumb\":{\"@id\":\"https:\/\/www.optimates.fi\/?page_id=104#breadcrumb\"},\"inLanguage\":\"fi\",\"potentialAction\":[{\"@type\":\"ReadAction\",\"target\":[\"https:\/\/www.optimates.fi\/?page_id=104\"]}]},{\"@type\":\"BreadcrumbList\",\"@id\":\"https:\/\/www.optimates.fi\/?page_id=104#breadcrumb\",\"itemListElement\":[{\"@type\":\"ListItem\",\"position\":1,\"name\":\"Home\",\"item\":\"https:\/\/www.optimates.fi\/\"},{\"@type\":\"ListItem\",\"position\":2,\"name\":\"Partneri &#038; muutosagentti\"}]},{\"@type\":\"WebSite\",\"@id\":\"https:\/\/www.optimates.fi\/#website\",\"url\":\"https:\/\/www.optimates.fi\/\",\"name\":\"Optimates oy\",\"description\":\"Kuvaus\",\"potentialAction\":[{\"@type\":\"SearchAction\",\"target\":{\"@type\":\"EntryPoint\",\"urlTemplate\":\"https:\/\/www.optimates.fi\/?s={search_term_string}\"},\"query-input\":\"required name=search_term_string\"}],\"inLanguage\":\"fi\"}]}<\/script>\n<!-- \/ Yoast SEO plugin. -->","yoast_head_json":{"title":"Partneri & muutosagentti - Optimates oy","robots":{"index":"index","follow":"follow","max-snippet":"max-snippet:-1","max-image-preview":"max-image-preview:large","max-video-preview":"max-video-preview:-1"},"canonical":"https:\/\/www.optimates.fi\/?page_id=104","og_locale":"fi_FI","og_type":"article","og_title":"Partneri & muutosagentti - Optimates oy","og_description":"Aloitin ty\u00f6urani Kesko-konsernissa vuonna 1987. Ty\u00f6skentelin l\u00e4hemm\u00e4s kolmekymment\u00e4 vuotta Keskon kaikilla toimialoilla, kaiken kaikkiaan kymmeniss\u00e4 eri teht\u00e4viss\u00e4, lukuun ottamatta autokauppaa.&nbsp; Teht\u00e4vist\u00e4 valtaosa on ollut joko yksik\u00f6n johtajan, ketjujohtajan tai tyt\u00e4ryhti\u00f6n toimitusjohtajan teht\u00e4vi\u00e4.&nbsp; Ty\u00f6uran alussa olin kaksi vuotta kauppapaikkahankinnan asiantuntijana, mink\u00e4 j\u00e4lkeen myynninjohto- ja yksik\u00f6njohtoteht\u00e4viss\u00e4 p\u00e4ivitt\u00e4istavara-, k\u00e4ytt\u00f6tavara, maatalous- ja rautakaupassa sek\u00e4 [&hellip;]","og_url":"https:\/\/www.optimates.fi\/?page_id=104","og_site_name":"Optimates oy","article_modified_time":"2023-01-30T17:36:25+00:00","og_image":[{"width":1920,"height":1211,"url":"https:\/\/www.optimates.fi\/wp-content\/uploads\/2022\/11\/teamwork-g7c905c427_1920.jpg","type":"image\/jpeg"}],"twitter_card":"summary_large_image","twitter_misc":{"Arvioitu lukuaika":"2 minuuttia"},"schema":{"@context":"https:\/\/schema.org","@graph":[{"@type":"WebPage","@id":"https:\/\/www.optimates.fi\/?page_id=104","url":"https:\/\/www.optimates.fi\/?page_id=104","name":"Partneri & muutosagentti - Optimates oy","isPartOf":{"@id":"https:\/\/www.optimates.fi\/#website"},"datePublished":"2023-01-12T21:50:03+00:00","dateModified":"2023-01-30T17:36:25+00:00","breadcrumb":{"@id":"https:\/\/www.optimates.fi\/?page_id=104#breadcrumb"},"inLanguage":"fi","potentialAction":[{"@type":"ReadAction","target":["https:\/\/www.optimates.fi\/?page_id=104"]}]},{"@type":"BreadcrumbList","@id":"https:\/\/www.optimates.fi\/?page_id=104#breadcrumb","itemListElement":[{"@type":"ListItem","position":1,"name":"Home","item":"https:\/\/www.optimates.fi\/"},{"@type":"ListItem","position":2,"name":"Partneri &#038; muutosagentti"}]},{"@type":"WebSite","@id":"https:\/\/www.optimates.fi\/#website","url":"https:\/\/www.optimates.fi\/","name":"Optimates oy","description":"Kuvaus","potentialAction":[{"@type":"SearchAction","target":{"@type":"EntryPoint","urlTemplate":"https:\/\/www.optimates.fi\/?s={search_term_string}"},"query-input":"required name=search_term_string"}],"inLanguage":"fi"}]}},"_links":{"self":[{"href":"https:\/\/www.optimates.fi\/index.php?rest_route=\/wp\/v2\/pages\/104","targetHints":{"allow":["GET"]}}],"collection":[{"href":"https:\/\/www.optimates.fi\/index.php?rest_route=\/wp\/v2\/pages"}],"about":[{"href":"https:\/\/www.optimates.fi\/index.php?rest_route=\/wp\/v2\/types\/page"}],"author":[{"embeddable":true,"href":"https:\/\/www.optimates.fi\/index.php?rest_route=\/wp\/v2\/users\/2"}],"replies":[{"embeddable":true,"href":"https:\/\/www.optimates.fi\/index.php?rest_route=%2Fwp%2Fv2%2Fcomments&post=104"}],"version-history":[{"count":4,"href":"https:\/\/www.optimates.fi\/index.php?rest_route=\/wp\/v2\/pages\/104\/revisions"}],"predecessor-version":[{"id":142,"href":"https:\/\/www.optimates.fi\/index.php?rest_route=\/wp\/v2\/pages\/104\/revisions\/142"}],"wp:featuredmedia":[{"embeddable":true,"href":"https:\/\/www.optimates.fi\/index.php?rest_route=\/wp\/v2\/media\/36"}],"wp:attachment":[{"href":"https:\/\/www.optimates.fi\/index.php?rest_route=%2Fwp%2Fv2%2Fmedia&parent=104"}],"curies":[{"name":"wp","href":"https:\/\/api.w.org\/{rel}","templated":true}]}}