{"id":131,"date":"2023-01-30T17:22:48","date_gmt":"2023-01-30T17:22:48","guid":{"rendered":"https:\/\/www.optimates.fi\/?page_id=131"},"modified":"2023-02-08T15:16:47","modified_gmt":"2023-02-08T15:16:47","slug":"matti-laitinen","status":"publish","type":"page","link":"https:\/\/www.optimates.fi\/?page_id=131","title":{"rendered":"Partner &#038; Muutosagentti"},"content":{"rendered":"\n<div class=\"wp-block-columns is-layout-flex wp-container-core-columns-is-layout-9d6595d7 wp-block-columns-is-layout-flex\">\n<div class=\"wp-block-column is-layout-flow wp-block-column-is-layout-flow\">\n<div class=\"wp-block-columns is-layout-flex wp-container-core-columns-is-layout-9d6595d7 wp-block-columns-is-layout-flex\">\n<div class=\"wp-block-column is-layout-flow wp-block-column-is-layout-flow\" style=\"flex-basis:33.33%\">\n<figure class=\"wp-block-image size-full\"><img loading=\"lazy\" decoding=\"async\" width=\"1000\" height=\"1000\" src=\"http:\/\/www.optimates.fi\/wp-content\/uploads\/2023\/02\/Matti.jpg\" alt=\"\" class=\"wp-image-157\" srcset=\"https:\/\/www.optimates.fi\/wp-content\/uploads\/2023\/02\/Matti.jpg 1000w, https:\/\/www.optimates.fi\/wp-content\/uploads\/2023\/02\/Matti-300x300.jpg 300w, https:\/\/www.optimates.fi\/wp-content\/uploads\/2023\/02\/Matti-150x150.jpg 150w, https:\/\/www.optimates.fi\/wp-content\/uploads\/2023\/02\/Matti-768x768.jpg 768w\" sizes=\"auto, (max-width: 1000px) 100vw, 1000px\" \/><\/figure>\n<\/div>\n\n\n\n<div class=\"wp-block-column is-layout-flow wp-block-column-is-layout-flow\" style=\"flex-basis:66.66%\">\n<p>Vakituinen ty\u00f6urani alkoi Pohjola-Yhti\u00f6iss\u00e4 myyntiteht\u00e4viss\u00e4 vuonna 1985. Pohjolan urani viiteentoista vuoteen mahtui monenlaisia ty\u00f6teht\u00e4vi\u00e4 kuten myyntiteht\u00e4vi\u00e4, sijoituspalveluryhm\u00e4n vet\u00e4minen It\u00e4-Suomen alueella. <\/p>\n\n\n\n<p>Piirijohtajan teht\u00e4v\u00e4t Varkaus-Pieks\u00e4m\u00e4ki alueella olivat vastuullani my\u00f6hemmin. <\/p>\n\n\n\n<p>Suomi-yhti\u00f6n sijoitustuotteiden uudistamisprojektissa vastasin parin vuoden ajan myyntiprosessin kehitt\u00e4misest\u00e4. <\/p>\n\n\n\n<blockquote class=\"wp-block-quote is-layout-flow wp-block-quote-is-layout-flow\">\n<p>Pohjolan urani loppuvaiheissa vastasin koko Pohjois-Savon tulosyksik\u00f6n johtamisesta.<\/p>\n<\/blockquote>\n\n\n\n<p>Vuonna 1999 siirryin loppuvuodesta Verdandi-Yhti\u00f6iden aluejohtajaksi vastaamaan henki-ja el\u00e4kevakuutusten myynnist\u00e4 Keski- ja It\u00e4-Suomessa. L\u00e4hivakuutus-ryhm\u00e4 oli alkuvaiheessa keskeisin yhteisty\u00f6kumppanimme. L\u00e4hivakuutus yhteisty\u00f6n loputtua teht\u00e4viini kuului oman myyntiorganisaation rakentaminen Veritas-yhti\u00f6ille It\u00e4-Suomessa.<\/p>\n\n\n\n<p>Siirryin Ilmariseen 2005vastaamaan Keski- ja It\u00e4-Suomen suurimmista yritysasiakkaista. Teht\u00e4v\u00e4t sis\u00e4lsiv\u00e4t vakuuttamiseen, rahoitukseen ja ty\u00f6hyvinvointiin liittyv\u00e4t asiat yhdess\u00e4 Ilmarisen muiden asiantuntijoiden kanssa.&nbsp;<\/p>\n\n\n\n<p><em>&#8211; Matti Laitinen<\/em><\/p>\n<\/div>\n<\/div>\n<\/div>\n<\/div>\n\n\n\n<p><\/p>\n","protected":false},"excerpt":{"rendered":"<p>Vakituinen ty\u00f6urani alkoi Pohjola-Yhti\u00f6iss\u00e4 myyntiteht\u00e4viss\u00e4 vuonna 1985. Pohjolan urani viiteentoista vuoteen mahtui monenlaisia ty\u00f6teht\u00e4vi\u00e4 kuten myyntiteht\u00e4vi\u00e4, sijoituspalveluryhm\u00e4n vet\u00e4minen It\u00e4-Suomen alueella. Piirijohtajan teht\u00e4v\u00e4t Varkaus-Pieks\u00e4m\u00e4ki alueella olivat vastuullani my\u00f6hemmin. Suomi-yhti\u00f6n sijoitustuotteiden uudistamisprojektissa vastasin parin vuoden ajan myyntiprosessin kehitt\u00e4misest\u00e4. Pohjolan urani loppuvaiheissa vastasin koko Pohjois-Savon tulosyksik\u00f6n johtamisesta. Vuonna 1999 siirryin loppuvuodesta Verdandi-Yhti\u00f6iden aluejohtajaksi [&hellip;]<\/p>\n","protected":false},"author":2,"featured_media":36,"parent":0,"menu_order":0,"comment_status":"closed","ping_status":"closed","template":"","meta":{"footnotes":""},"class_list":["post-131","page","type-page","status-publish","has-post-thumbnail","hentry"],"yoast_head":"<!-- This site is optimized with the Yoast SEO plugin v20.0 - https:\/\/yoast.com\/wordpress\/plugins\/seo\/ -->\n<title>Partner &amp; Muutosagentti - Optimates oy<\/title>\n<meta name=\"robots\" content=\"index, follow, max-snippet:-1, max-image-preview:large, max-video-preview:-1\" \/>\n<link rel=\"canonical\" href=\"https:\/\/www.optimates.fi\/?page_id=131\" \/>\n<meta property=\"og:locale\" content=\"fi_FI\" \/>\n<meta property=\"og:type\" content=\"article\" \/>\n<meta property=\"og:title\" content=\"Partner &amp; Muutosagentti - Optimates oy\" \/>\n<meta property=\"og:description\" content=\"Vakituinen ty\u00f6urani alkoi Pohjola-Yhti\u00f6iss\u00e4 myyntiteht\u00e4viss\u00e4 vuonna 1985. Pohjolan urani viiteentoista vuoteen mahtui monenlaisia ty\u00f6teht\u00e4vi\u00e4 kuten myyntiteht\u00e4vi\u00e4, sijoituspalveluryhm\u00e4n vet\u00e4minen It\u00e4-Suomen alueella. Piirijohtajan teht\u00e4v\u00e4t Varkaus-Pieks\u00e4m\u00e4ki alueella olivat vastuullani my\u00f6hemmin. Suomi-yhti\u00f6n sijoitustuotteiden uudistamisprojektissa vastasin parin vuoden ajan myyntiprosessin kehitt\u00e4misest\u00e4. Pohjolan urani loppuvaiheissa vastasin koko Pohjois-Savon tulosyksik\u00f6n johtamisesta. Vuonna 1999 siirryin loppuvuodesta Verdandi-Yhti\u00f6iden aluejohtajaksi [&hellip;]\" \/>\n<meta property=\"og:url\" content=\"https:\/\/www.optimates.fi\/?page_id=131\" \/>\n<meta property=\"og:site_name\" content=\"Optimates oy\" \/>\n<meta property=\"article:modified_time\" content=\"2023-02-08T15:16:47+00:00\" \/>\n<meta property=\"og:image\" content=\"https:\/\/www.optimates.fi\/wp-content\/uploads\/2022\/11\/teamwork-g7c905c427_1920.jpg\" \/>\n\t<meta property=\"og:image:width\" content=\"1920\" \/>\n\t<meta property=\"og:image:height\" content=\"1211\" \/>\n\t<meta property=\"og:image:type\" content=\"image\/jpeg\" \/>\n<meta name=\"twitter:card\" content=\"summary_large_image\" \/>\n<meta name=\"twitter:label1\" content=\"Arvioitu lukuaika\" \/>\n\t<meta name=\"twitter:data1\" content=\"1 minuutti\" \/>\n<script type=\"application\/ld+json\" class=\"yoast-schema-graph\">{\"@context\":\"https:\/\/schema.org\",\"@graph\":[{\"@type\":\"WebPage\",\"@id\":\"https:\/\/www.optimates.fi\/?page_id=131\",\"url\":\"https:\/\/www.optimates.fi\/?page_id=131\",\"name\":\"Partner & Muutosagentti - Optimates oy\",\"isPartOf\":{\"@id\":\"https:\/\/www.optimates.fi\/#website\"},\"datePublished\":\"2023-01-30T17:22:48+00:00\",\"dateModified\":\"2023-02-08T15:16:47+00:00\",\"breadcrumb\":{\"@id\":\"https:\/\/www.optimates.fi\/?page_id=131#breadcrumb\"},\"inLanguage\":\"fi\",\"potentialAction\":[{\"@type\":\"ReadAction\",\"target\":[\"https:\/\/www.optimates.fi\/?page_id=131\"]}]},{\"@type\":\"BreadcrumbList\",\"@id\":\"https:\/\/www.optimates.fi\/?page_id=131#breadcrumb\",\"itemListElement\":[{\"@type\":\"ListItem\",\"position\":1,\"name\":\"Home\",\"item\":\"https:\/\/www.optimates.fi\/\"},{\"@type\":\"ListItem\",\"position\":2,\"name\":\"Partner &#038; Muutosagentti\"}]},{\"@type\":\"WebSite\",\"@id\":\"https:\/\/www.optimates.fi\/#website\",\"url\":\"https:\/\/www.optimates.fi\/\",\"name\":\"Optimates oy\",\"description\":\"Kuvaus\",\"potentialAction\":[{\"@type\":\"SearchAction\",\"target\":{\"@type\":\"EntryPoint\",\"urlTemplate\":\"https:\/\/www.optimates.fi\/?s={search_term_string}\"},\"query-input\":\"required name=search_term_string\"}],\"inLanguage\":\"fi\"}]}<\/script>\n<!-- \/ Yoast SEO plugin. -->","yoast_head_json":{"title":"Partner & Muutosagentti - Optimates oy","robots":{"index":"index","follow":"follow","max-snippet":"max-snippet:-1","max-image-preview":"max-image-preview:large","max-video-preview":"max-video-preview:-1"},"canonical":"https:\/\/www.optimates.fi\/?page_id=131","og_locale":"fi_FI","og_type":"article","og_title":"Partner & Muutosagentti - Optimates oy","og_description":"Vakituinen ty\u00f6urani alkoi Pohjola-Yhti\u00f6iss\u00e4 myyntiteht\u00e4viss\u00e4 vuonna 1985. Pohjolan urani viiteentoista vuoteen mahtui monenlaisia ty\u00f6teht\u00e4vi\u00e4 kuten myyntiteht\u00e4vi\u00e4, sijoituspalveluryhm\u00e4n vet\u00e4minen It\u00e4-Suomen alueella. Piirijohtajan teht\u00e4v\u00e4t Varkaus-Pieks\u00e4m\u00e4ki alueella olivat vastuullani my\u00f6hemmin. Suomi-yhti\u00f6n sijoitustuotteiden uudistamisprojektissa vastasin parin vuoden ajan myyntiprosessin kehitt\u00e4misest\u00e4. Pohjolan urani loppuvaiheissa vastasin koko Pohjois-Savon tulosyksik\u00f6n johtamisesta. Vuonna 1999 siirryin loppuvuodesta Verdandi-Yhti\u00f6iden aluejohtajaksi [&hellip;]","og_url":"https:\/\/www.optimates.fi\/?page_id=131","og_site_name":"Optimates oy","article_modified_time":"2023-02-08T15:16:47+00:00","og_image":[{"width":1920,"height":1211,"url":"https:\/\/www.optimates.fi\/wp-content\/uploads\/2022\/11\/teamwork-g7c905c427_1920.jpg","type":"image\/jpeg"}],"twitter_card":"summary_large_image","twitter_misc":{"Arvioitu lukuaika":"1 minuutti"},"schema":{"@context":"https:\/\/schema.org","@graph":[{"@type":"WebPage","@id":"https:\/\/www.optimates.fi\/?page_id=131","url":"https:\/\/www.optimates.fi\/?page_id=131","name":"Partner & Muutosagentti - Optimates oy","isPartOf":{"@id":"https:\/\/www.optimates.fi\/#website"},"datePublished":"2023-01-30T17:22:48+00:00","dateModified":"2023-02-08T15:16:47+00:00","breadcrumb":{"@id":"https:\/\/www.optimates.fi\/?page_id=131#breadcrumb"},"inLanguage":"fi","potentialAction":[{"@type":"ReadAction","target":["https:\/\/www.optimates.fi\/?page_id=131"]}]},{"@type":"BreadcrumbList","@id":"https:\/\/www.optimates.fi\/?page_id=131#breadcrumb","itemListElement":[{"@type":"ListItem","position":1,"name":"Home","item":"https:\/\/www.optimates.fi\/"},{"@type":"ListItem","position":2,"name":"Partner &#038; Muutosagentti"}]},{"@type":"WebSite","@id":"https:\/\/www.optimates.fi\/#website","url":"https:\/\/www.optimates.fi\/","name":"Optimates oy","description":"Kuvaus","potentialAction":[{"@type":"SearchAction","target":{"@type":"EntryPoint","urlTemplate":"https:\/\/www.optimates.fi\/?s={search_term_string}"},"query-input":"required name=search_term_string"}],"inLanguage":"fi"}]}},"_links":{"self":[{"href":"https:\/\/www.optimates.fi\/index.php?rest_route=\/wp\/v2\/pages\/131","targetHints":{"allow":["GET"]}}],"collection":[{"href":"https:\/\/www.optimates.fi\/index.php?rest_route=\/wp\/v2\/pages"}],"about":[{"href":"https:\/\/www.optimates.fi\/index.php?rest_route=\/wp\/v2\/types\/page"}],"author":[{"embeddable":true,"href":"https:\/\/www.optimates.fi\/index.php?rest_route=\/wp\/v2\/users\/2"}],"replies":[{"embeddable":true,"href":"https:\/\/www.optimates.fi\/index.php?rest_route=%2Fwp%2Fv2%2Fcomments&post=131"}],"version-history":[{"count":4,"href":"https:\/\/www.optimates.fi\/index.php?rest_route=\/wp\/v2\/pages\/131\/revisions"}],"predecessor-version":[{"id":159,"href":"https:\/\/www.optimates.fi\/index.php?rest_route=\/wp\/v2\/pages\/131\/revisions\/159"}],"wp:featuredmedia":[{"embeddable":true,"href":"https:\/\/www.optimates.fi\/index.php?rest_route=\/wp\/v2\/media\/36"}],"wp:attachment":[{"href":"https:\/\/www.optimates.fi\/index.php?rest_route=%2Fwp%2Fv2%2Fmedia&parent=131"}],"curies":[{"name":"wp","href":"https:\/\/api.w.org\/{rel}","templated":true}]}}