{"id":68,"date":"2023-01-12T20:56:31","date_gmt":"2023-01-12T20:56:31","guid":{"rendered":"https:\/\/www.optimates.fi\/?page_id=68"},"modified":"2023-02-08T15:16:29","modified_gmt":"2023-02-08T15:16:29","slug":"olli-rasanen","status":"publish","type":"page","link":"https:\/\/www.optimates.fi\/?page_id=68","title":{"rendered":"Partner &#038; Muutosagentti"},"content":{"rendered":"\n<div class=\"wp-block-columns is-layout-flex wp-container-core-columns-is-layout-9d6595d7 wp-block-columns-is-layout-flex\">\n<div class=\"wp-block-column is-layout-flow wp-block-column-is-layout-flow\" style=\"flex-basis:33.33%\">\n<figure class=\"wp-block-image size-large\"><img loading=\"lazy\" decoding=\"async\" width=\"716\" height=\"1024\" src=\"http:\/\/www.optimates.fi\/wp-content\/uploads\/2023\/02\/OlliRasanen-716x1024.jpg\" alt=\"\" class=\"wp-image-156\" srcset=\"https:\/\/www.optimates.fi\/wp-content\/uploads\/2023\/02\/OlliRasanen-716x1024.jpg 716w, https:\/\/www.optimates.fi\/wp-content\/uploads\/2023\/02\/OlliRasanen-210x300.jpg 210w, https:\/\/www.optimates.fi\/wp-content\/uploads\/2023\/02\/OlliRasanen-768x1098.jpg 768w, https:\/\/www.optimates.fi\/wp-content\/uploads\/2023\/02\/OlliRasanen-1074x1536.jpg 1074w, https:\/\/www.optimates.fi\/wp-content\/uploads\/2023\/02\/OlliRasanen.jpg 1268w\" sizes=\"auto, (max-width: 716px) 100vw, 716px\" \/><\/figure>\n<\/div>\n\n\n\n<div class=\"wp-block-column is-layout-flow wp-block-column-is-layout-flow\" style=\"flex-basis:66.66%\">\n<p class=\"has-small-font-size\">Aloitin varsinaisen ty\u00f6urani vaatetusteollisuuden talousjohdon teht\u00e4viss\u00e4, josta seitsem\u00e4n vuoden j\u00e4lkeen siirryin ICT alalle, miss\u00e4 toisena yrityksen omistajana vastasin projektien hallinnasta ja toteutuksista. Siin\u00e4 sivussa hoitui pienen aloittavan yrityksen markkinointi ja hallinto. Seitsem\u00e4n vuoden j\u00e4lkeen myin osuuteni ja palasin takaisin muotialalle, jossa vastuualueena olivat ICT sek\u00e4 taloushallinto CFO:n nimikkeell\u00e4. Suurin osa ajasta kului kuitenkin muutosten l\u00e4pivientiin kansainv\u00e4lisess\u00e4 yhti\u00f6ss\u00e4 ja sen viidess\u00e4 eri puolilla Eurooppaa sijaitsevassa tyt\u00e4ryhti\u00f6ss\u00e4. <\/p>\n\n\n\n<blockquote class=\"wp-block-quote is-layout-flow wp-block-quote-is-layout-flow\">\n<p class=\"has-medium-font-size\"><em>Kansainv\u00e4linen toiminta on ollut osana ty\u00f6teht\u00e4vi\u00e4 ty\u00f6uran useammassa vaiheessa.<\/em><\/p>\n<\/blockquote>\n\n\n\n<p class=\"has-small-font-size\">Vuonna 2002 minut kutsuttiin energia-alalle Savon Voima Oyj:n talousjohtajaksi. Hankin laajan osaamisen energiasektorilla ja etenkin energiamarkkinoilla. Osaamiseen kuului muun muassa johdannaismarkkinameklarin tutkinto ja p\u00e4tevyys. Teht\u00e4v\u00e4n\u00e4ni oli my\u00f6s konsernin emoyhti\u00f6n Savon Voima Oyj:n hallituksen sihteerin teht\u00e4v\u00e4t, samoin kuin tyt\u00e4ryhti\u00f6iden hallitusten j\u00e4senyys sek\u00e4 toimiminen Savon Voima Verkko Oy:n hallituksen puheenjohtajana. Yhti\u00f6n taseen loppusumma oli tuolloin yli puoli miljardi euroa ja toiminta oli voimakkaasti Energiaviraston reguloimaa, mik\u00e4 edellytti yhti\u00f6n hallitukselta normaalia laajempaa valvontavastuuta.&nbsp;&nbsp;<\/p>\n\n\n\n<p class=\"has-small-font-size\">Viimeisin\u00e4 projekteina ennen el\u00e4kkeelle j\u00e4\u00e4mist\u00e4ni osallisuin yhten\u00e4 p\u00e4\u00e4k\u00e4til\u00f6n\u00e4 V\u00e4re Oy:n synnytt\u00e4miseen. Yhti\u00f6 on yksi Suomen suurimmista s\u00e4hk\u00f6n myyjist\u00e4. Olin my\u00f6s mukana It\u00e4-Suomen suurimpiin kuuluvassa yrityskaupassa, jossa Savon Voima osti Fortumilta Joensuun kaupungin alueen kaukol\u00e4mp\u00f6verkon ja siihen liittyv\u00e4n voimalaitoksen. Kaupan arvo oli noin puoli miljardia euroa. Vastuullani oli kaupan rahoituksen j\u00e4rjest\u00e4minen yhdess\u00e4 neuvonantajien ja syndikoituun luottoon osallistuneiden pankkien kanssa.&nbsp;<\/p>\n\n\n\n<p class=\"has-medium-font-size\">&#8211; <em>Olli R\u00e4s\u00e4nen<\/em><\/p>\n<\/div>\n<\/div>\n","protected":false},"excerpt":{"rendered":"<p>Aloitin varsinaisen ty\u00f6urani vaatetusteollisuuden talousjohdon teht\u00e4viss\u00e4, josta seitsem\u00e4n vuoden j\u00e4lkeen siirryin ICT alalle, miss\u00e4 toisena yrityksen omistajana vastasin projektien hallinnasta ja toteutuksista. Siin\u00e4 sivussa hoitui pienen aloittavan yrityksen markkinointi ja hallinto. Seitsem\u00e4n vuoden j\u00e4lkeen myin osuuteni ja palasin takaisin muotialalle, jossa vastuualueena olivat ICT sek\u00e4 taloushallinto CFO:n nimikkeell\u00e4. Suurin osa [&hellip;]<\/p>\n","protected":false},"author":2,"featured_media":36,"parent":0,"menu_order":0,"comment_status":"closed","ping_status":"closed","template":"","meta":{"footnotes":""},"class_list":["post-68","page","type-page","status-publish","has-post-thumbnail","hentry"],"yoast_head":"<!-- This site is optimized with the Yoast SEO plugin v20.0 - https:\/\/yoast.com\/wordpress\/plugins\/seo\/ -->\n<title>Partner &amp; Muutosagentti - Optimates oy<\/title>\n<meta name=\"robots\" content=\"index, follow, max-snippet:-1, max-image-preview:large, max-video-preview:-1\" \/>\n<link rel=\"canonical\" href=\"https:\/\/www.optimates.fi\/?page_id=68\" \/>\n<meta property=\"og:locale\" content=\"fi_FI\" \/>\n<meta property=\"og:type\" content=\"article\" \/>\n<meta property=\"og:title\" content=\"Partner &amp; Muutosagentti - Optimates oy\" \/>\n<meta property=\"og:description\" content=\"Aloitin varsinaisen ty\u00f6urani vaatetusteollisuuden talousjohdon teht\u00e4viss\u00e4, josta seitsem\u00e4n vuoden j\u00e4lkeen siirryin ICT alalle, miss\u00e4 toisena yrityksen omistajana vastasin projektien hallinnasta ja toteutuksista. Siin\u00e4 sivussa hoitui pienen aloittavan yrityksen markkinointi ja hallinto. Seitsem\u00e4n vuoden j\u00e4lkeen myin osuuteni ja palasin takaisin muotialalle, jossa vastuualueena olivat ICT sek\u00e4 taloushallinto CFO:n nimikkeell\u00e4. Suurin osa [&hellip;]\" \/>\n<meta property=\"og:url\" content=\"https:\/\/www.optimates.fi\/?page_id=68\" \/>\n<meta property=\"og:site_name\" content=\"Optimates oy\" \/>\n<meta property=\"article:modified_time\" content=\"2023-02-08T15:16:29+00:00\" \/>\n<meta property=\"og:image\" content=\"https:\/\/www.optimates.fi\/wp-content\/uploads\/2022\/11\/teamwork-g7c905c427_1920.jpg\" \/>\n\t<meta property=\"og:image:width\" content=\"1920\" \/>\n\t<meta property=\"og:image:height\" content=\"1211\" \/>\n\t<meta property=\"og:image:type\" content=\"image\/jpeg\" \/>\n<meta name=\"twitter:card\" content=\"summary_large_image\" \/>\n<meta name=\"twitter:label1\" content=\"Arvioitu lukuaika\" \/>\n\t<meta name=\"twitter:data1\" content=\"2 minuuttia\" \/>\n<script type=\"application\/ld+json\" class=\"yoast-schema-graph\">{\"@context\":\"https:\/\/schema.org\",\"@graph\":[{\"@type\":\"WebPage\",\"@id\":\"https:\/\/www.optimates.fi\/?page_id=68\",\"url\":\"https:\/\/www.optimates.fi\/?page_id=68\",\"name\":\"Partner & Muutosagentti - Optimates oy\",\"isPartOf\":{\"@id\":\"https:\/\/www.optimates.fi\/#website\"},\"datePublished\":\"2023-01-12T20:56:31+00:00\",\"dateModified\":\"2023-02-08T15:16:29+00:00\",\"breadcrumb\":{\"@id\":\"https:\/\/www.optimates.fi\/?page_id=68#breadcrumb\"},\"inLanguage\":\"fi\",\"potentialAction\":[{\"@type\":\"ReadAction\",\"target\":[\"https:\/\/www.optimates.fi\/?page_id=68\"]}]},{\"@type\":\"BreadcrumbList\",\"@id\":\"https:\/\/www.optimates.fi\/?page_id=68#breadcrumb\",\"itemListElement\":[{\"@type\":\"ListItem\",\"position\":1,\"name\":\"Home\",\"item\":\"https:\/\/www.optimates.fi\/\"},{\"@type\":\"ListItem\",\"position\":2,\"name\":\"Partner &#038; Muutosagentti\"}]},{\"@type\":\"WebSite\",\"@id\":\"https:\/\/www.optimates.fi\/#website\",\"url\":\"https:\/\/www.optimates.fi\/\",\"name\":\"Optimates oy\",\"description\":\"Kuvaus\",\"potentialAction\":[{\"@type\":\"SearchAction\",\"target\":{\"@type\":\"EntryPoint\",\"urlTemplate\":\"https:\/\/www.optimates.fi\/?s={search_term_string}\"},\"query-input\":\"required name=search_term_string\"}],\"inLanguage\":\"fi\"}]}<\/script>\n<!-- \/ Yoast SEO plugin. -->","yoast_head_json":{"title":"Partner & Muutosagentti - Optimates oy","robots":{"index":"index","follow":"follow","max-snippet":"max-snippet:-1","max-image-preview":"max-image-preview:large","max-video-preview":"max-video-preview:-1"},"canonical":"https:\/\/www.optimates.fi\/?page_id=68","og_locale":"fi_FI","og_type":"article","og_title":"Partner & Muutosagentti - Optimates oy","og_description":"Aloitin varsinaisen ty\u00f6urani vaatetusteollisuuden talousjohdon teht\u00e4viss\u00e4, josta seitsem\u00e4n vuoden j\u00e4lkeen siirryin ICT alalle, miss\u00e4 toisena yrityksen omistajana vastasin projektien hallinnasta ja toteutuksista. Siin\u00e4 sivussa hoitui pienen aloittavan yrityksen markkinointi ja hallinto. Seitsem\u00e4n vuoden j\u00e4lkeen myin osuuteni ja palasin takaisin muotialalle, jossa vastuualueena olivat ICT sek\u00e4 taloushallinto CFO:n nimikkeell\u00e4. Suurin osa [&hellip;]","og_url":"https:\/\/www.optimates.fi\/?page_id=68","og_site_name":"Optimates oy","article_modified_time":"2023-02-08T15:16:29+00:00","og_image":[{"width":1920,"height":1211,"url":"https:\/\/www.optimates.fi\/wp-content\/uploads\/2022\/11\/teamwork-g7c905c427_1920.jpg","type":"image\/jpeg"}],"twitter_card":"summary_large_image","twitter_misc":{"Arvioitu lukuaika":"2 minuuttia"},"schema":{"@context":"https:\/\/schema.org","@graph":[{"@type":"WebPage","@id":"https:\/\/www.optimates.fi\/?page_id=68","url":"https:\/\/www.optimates.fi\/?page_id=68","name":"Partner & Muutosagentti - Optimates oy","isPartOf":{"@id":"https:\/\/www.optimates.fi\/#website"},"datePublished":"2023-01-12T20:56:31+00:00","dateModified":"2023-02-08T15:16:29+00:00","breadcrumb":{"@id":"https:\/\/www.optimates.fi\/?page_id=68#breadcrumb"},"inLanguage":"fi","potentialAction":[{"@type":"ReadAction","target":["https:\/\/www.optimates.fi\/?page_id=68"]}]},{"@type":"BreadcrumbList","@id":"https:\/\/www.optimates.fi\/?page_id=68#breadcrumb","itemListElement":[{"@type":"ListItem","position":1,"name":"Home","item":"https:\/\/www.optimates.fi\/"},{"@type":"ListItem","position":2,"name":"Partner &#038; Muutosagentti"}]},{"@type":"WebSite","@id":"https:\/\/www.optimates.fi\/#website","url":"https:\/\/www.optimates.fi\/","name":"Optimates oy","description":"Kuvaus","potentialAction":[{"@type":"SearchAction","target":{"@type":"EntryPoint","urlTemplate":"https:\/\/www.optimates.fi\/?s={search_term_string}"},"query-input":"required name=search_term_string"}],"inLanguage":"fi"}]}},"_links":{"self":[{"href":"https:\/\/www.optimates.fi\/index.php?rest_route=\/wp\/v2\/pages\/68","targetHints":{"allow":["GET"]}}],"collection":[{"href":"https:\/\/www.optimates.fi\/index.php?rest_route=\/wp\/v2\/pages"}],"about":[{"href":"https:\/\/www.optimates.fi\/index.php?rest_route=\/wp\/v2\/types\/page"}],"author":[{"embeddable":true,"href":"https:\/\/www.optimates.fi\/index.php?rest_route=\/wp\/v2\/users\/2"}],"replies":[{"embeddable":true,"href":"https:\/\/www.optimates.fi\/index.php?rest_route=%2Fwp%2Fv2%2Fcomments&post=68"}],"version-history":[{"count":14,"href":"https:\/\/www.optimates.fi\/index.php?rest_route=\/wp\/v2\/pages\/68\/revisions"}],"predecessor-version":[{"id":158,"href":"https:\/\/www.optimates.fi\/index.php?rest_route=\/wp\/v2\/pages\/68\/revisions\/158"}],"wp:featuredmedia":[{"embeddable":true,"href":"https:\/\/www.optimates.fi\/index.php?rest_route=\/wp\/v2\/media\/36"}],"wp:attachment":[{"href":"https:\/\/www.optimates.fi\/index.php?rest_route=%2Fwp%2Fv2%2Fmedia&parent=68"}],"curies":[{"name":"wp","href":"https:\/\/api.w.org\/{rel}","templated":true}]}}